{"id":56,"date":"2025-10-29T20:54:24","date_gmt":"2025-10-29T19:54:24","guid":{"rendered":"https:\/\/lilluma.szymonhojda.com\/?page_id=56"},"modified":"2025-10-29T20:54:29","modified_gmt":"2025-10-29T19:54:29","slug":"refund-and-returns-policy","status":"publish","type":"page","link":"https:\/\/lilluma.szymonhojda.com\/?page_id=56","title":{"rendered":"Refund and Returns Policy"},"content":{"rendered":"\t\t<div data-elementor-type=\"wp-page\" data-elementor-id=\"56\" class=\"elementor elementor-56\" data-elementor-post-type=\"page\">\n\t\t\t\t<div class=\"elementor-element elementor-element-46946357 e-flex e-con-boxed e-con e-parent\" data-id=\"46946357\" data-element_type=\"container\" data-settings=\"{&quot;background_background&quot;:&quot;classic&quot;}\">\n\t\t\t\t\t<div class=\"e-con-inner\">\n\t\t<div class=\"elementor-element elementor-element-66894432 e-con-full e-flex e-con e-child\" data-id=\"66894432\" data-element_type=\"container\">\n\t\t\t\t<div class=\"elementor-element elementor-element-671a49e elementor-widget elementor-widget-heading\" data-id=\"671a49e\" data-element_type=\"widget\" data-widget_type=\"heading.default\">\n\t\t\t\t\t<h5 class=\"elementor-heading-title elementor-size-default\">Styl i elegancja<\/h5>\t\t\t\t<\/div>\n\t\t\t\t<div class=\"elementor-element elementor-element-2bebc400 elementor-widget elementor-widget-heading\" data-id=\"2bebc400\" data-element_type=\"widget\" data-widget_type=\"heading.default\">\n\t\t\t\t\t<h2 class=\"elementor-heading-title elementor-size-default\">Polityki<\/h2>\t\t\t\t<\/div>\n\t\t\t\t<div class=\"elementor-element elementor-element-1da77728 elementor-widget elementor-widget-heading\" data-id=\"1da77728\" data-element_type=\"widget\" data-widget_type=\"heading.default\">\n\t\t\t\t\t<h5 class=\"elementor-heading-title elementor-size-default\">Nasza polityka zwrot\u00f3w zapewnia przejrzysto\u015b\u0107 i komfort zakup\u00f3w. Poznaj nasze zasady zwrotu i reklamacji.<\/h5>\t\t\t\t<\/div>\n\t\t\t\t<div class=\"elementor-element elementor-element-3e123edc e-n-tabs-mobile elementor-widget elementor-widget-n-tabs\" data-id=\"3e123edc\" data-element_type=\"widget\" data-settings=\"{&quot;horizontal_scroll&quot;:&quot;disable&quot;}\" data-widget_type=\"nested-tabs.default\">\n\t\t\t\t\t\t\t<div class=\"e-n-tabs\" data-widget-number=\"1041383132\" aria-label=\"Tabs. Open items with Enter or Space, close with Escape and navigate using the Arrow keys.\">\n\t\t\t<div class=\"e-n-tabs-heading\" role=\"tablist\">\n\t\t\t\t\t<button id=\"e-n-tab-title-10413831321\" class=\"e-n-tab-title\" aria-selected=\"true\" data-tab-index=\"1\" role=\"tab\" tabindex=\"0\" aria-controls=\"e-n-tab-content-10413831321\" style=\"--n-tabs-title-order: 1;\">\n\t\t\t\t\t\t<span class=\"e-n-tab-title-text\">\n\t\t\t\tPolityka prywatno\u015bci\t\t\t<\/span>\n\t\t<\/button>\n\t\t\t\t<button id=\"e-n-tab-title-10413831322\" class=\"e-n-tab-title\" aria-selected=\"false\" data-tab-index=\"2\" role=\"tab\" tabindex=\"-1\" aria-controls=\"e-n-tab-content-10413831322\" style=\"--n-tabs-title-order: 2;\">\n\t\t\t\t\t\t<span class=\"e-n-tab-title-text\">\n\t\t\t\tPolityka cookies\t\t\t<\/span>\n\t\t<\/button>\n\t\t\t\t\t<\/div>\n\t\t\t<div class=\"e-n-tabs-content\">\n\t\t\t\t<div id=\"e-n-tab-content-10413831321\" role=\"tabpanel\" aria-labelledby=\"e-n-tab-title-10413831321\" data-tab-index=\"1\" style=\"--n-tabs-title-order: 1;\" class=\"e-active elementor-element elementor-element-1151b048 e-con-full e-flex e-con e-child\" data-id=\"1151b048\" data-element_type=\"container\">\n\t\t<div class=\"elementor-element elementor-element-55667d1d e-con-full e-flex e-con e-child\" data-id=\"55667d1d\" data-element_type=\"container\">\n\t\t\t\t<div class=\"elementor-element elementor-element-594c558e elementor-widget elementor-widget-heading\" data-id=\"594c558e\" data-element_type=\"widget\" data-widget_type=\"heading.default\">\n\t\t\t\t\t<h5 class=\"elementor-heading-title elementor-size-default\">Tagline<\/h5>\t\t\t\t<\/div>\n\t\t\t\t<div class=\"elementor-element elementor-element-74c6d6b6 elementor-widget elementor-widget-heading\" data-id=\"74c6d6b6\" data-element_type=\"widget\" data-widget_type=\"heading.default\">\n\t\t\t\t\t<h2 class=\"elementor-heading-title elementor-size-default\">Polityka cookies<\/h2>\t\t\t\t<\/div>\n\t\t\t\t<div class=\"elementor-element elementor-element-34fa6cf7 elementor-icon-list--layout-traditional elementor-list-item-link-full_width elementor-widget elementor-widget-icon-list\" data-id=\"34fa6cf7\" data-element_type=\"widget\" data-widget_type=\"icon-list.default\">\n\t\t\t\t\t\t\t<ul class=\"elementor-icon-list-items\">\n\t\t\t\t\t\t\t<li class=\"elementor-icon-list-item\">\n\t\t\t\t\t\t\t\t\t\t\t<span class=\"elementor-icon-list-icon\">\n\t\t\t\t\t\t\t<svg aria-hidden=\"true\" class=\"e-font-icon-svg e-fas-square-full\" viewBox=\"0 0 512 512\" xmlns=\"http:\/\/www.w3.org\/2000\/svg\"><path d=\"M512 512H0V0h512v512z\"><\/path><\/svg>\t\t\t\t\t\t<\/span>\n\t\t\t\t\t\t\t\t\t\t<span class=\"elementor-icon-list-text\">P\u0142atno\u015b\u0107 za zam\u00f3wienia jest szyfrowana i bezpieczna, co zapewnia Twoje dane.<\/span>\n\t\t\t\t\t\t\t\t\t<\/li>\n\t\t\t\t\t\t<\/ul>\n\t\t\t\t\t\t<\/div>\n\t\t\t\t<div class=\"elementor-element elementor-element-58628bfc elementor-widget elementor-widget-text-editor\" data-id=\"58628bfc\" data-element_type=\"widget\" data-widget_type=\"text-editor.default\">\n\t\t\t\t\t\t\t\t\t<p>Nasze zasady dotycz\u0105ce zwrot\u00f3w s\u0105 proste i jasne. Mo\u017cesz zwr\u00f3ci\u0107 towar w ci\u0105gu 30 dni, pod warunkiem, \u017ce produkt b\u0119dzie w oryginalnym stanie. Zach\u0119camy do skontaktowania si\u0119 z naszym zespo\u0142em, je\u015bli masz jakiekolwiek pytania.<\/p>\t\t\t\t\t\t\t\t<\/div>\n\t\t\t\t<div class=\"elementor-element elementor-element-5368612b elementor-icon-list--layout-traditional elementor-list-item-link-full_width elementor-widget elementor-widget-icon-list\" data-id=\"5368612b\" data-element_type=\"widget\" data-widget_type=\"icon-list.default\">\n\t\t\t\t\t\t\t<ul class=\"elementor-icon-list-items\">\n\t\t\t\t\t\t\t<li class=\"elementor-icon-list-item\">\n\t\t\t\t\t\t\t\t\t\t\t<span class=\"elementor-icon-list-icon\">\n\t\t\t\t\t\t\t<svg aria-hidden=\"true\" class=\"e-font-icon-svg e-fas-square-full\" viewBox=\"0 0 512 512\" xmlns=\"http:\/\/www.w3.org\/2000\/svg\"><path d=\"M512 512H0V0h512v512z\"><\/path><\/svg>\t\t\t\t\t\t<\/span>\n\t\t\t\t\t\t\t\t\t\t<span class=\"elementor-icon-list-text\">Zach\u0119camy do korzystania z formularzy zwrot\u00f3w, aby u\u0142atwi\u0107 ca\u0142y proces.<\/span>\n\t\t\t\t\t\t\t\t\t<\/li>\n\t\t\t\t\t\t<\/ul>\n\t\t\t\t\t\t<\/div>\n\t\t\t\t<div class=\"elementor-element elementor-element-109f7574 elementor-widget elementor-widget-text-editor\" data-id=\"109f7574\" data-element_type=\"widget\" data-widget_type=\"text-editor.default\">\n\t\t\t\t\t\t\t\t\t<p>Je\u015bli chcesz zwr\u00f3ci\u0107 lub wymieni\u0107 produkt, koniecznie wype\u0142nij formularz dost\u0119pny na naszej stronie. Nasz zesp\u00f3\u0142 pomo\u017ce Ci w ka\u017cdej kwestii zwi\u0105zanej z procesem zwrotu.<\/p>\t\t\t\t\t\t\t\t<\/div>\n\t\t\t\t<div class=\"elementor-element elementor-element-f3693a elementor-icon-list--layout-traditional elementor-list-item-link-full_width elementor-widget elementor-widget-icon-list\" data-id=\"f3693a\" data-element_type=\"widget\" data-widget_type=\"icon-list.default\">\n\t\t\t\t\t\t\t<ul class=\"elementor-icon-list-items\">\n\t\t\t\t\t\t\t<li class=\"elementor-icon-list-item\">\n\t\t\t\t\t\t\t\t\t\t\t<span class=\"elementor-icon-list-icon\">\n\t\t\t\t\t\t\t<svg aria-hidden=\"true\" class=\"e-font-icon-svg e-fas-square-full\" viewBox=\"0 0 512 512\" xmlns=\"http:\/\/www.w3.org\/2000\/svg\"><path d=\"M512 512H0V0h512v512z\"><\/path><\/svg>\t\t\t\t\t\t<\/span>\n\t\t\t\t\t\t\t\t\t\t<span class=\"elementor-icon-list-text\">Umo\u017cliwiamy wygodne opcje zwrot\u00f3w zar\u00f3wno online, jak i offline w naszych sklepach.<\/span>\n\t\t\t\t\t\t\t\t\t<\/li>\n\t\t\t\t\t\t<\/ul>\n\t\t\t\t\t\t<\/div>\n\t\t\t\t<div class=\"elementor-element elementor-element-28fdcd6f elementor-widget elementor-widget-text-editor\" data-id=\"28fdcd6f\" data-element_type=\"widget\" data-widget_type=\"text-editor.default\">\n\t\t\t\t\t\t\t\t\t<p>Wszystkie zwroty musz\u0105 by\u0107 dokonane zgodnie z nasz\u0105 polityk\u0105, aby zosta\u0142y uwzgl\u0119dnione. Prosimy o zapoznanie si\u0119 z naszymi zasadami zwrot\u00f3w na stronie, aby unikn\u0105\u0107 nieporozumie\u0144. Dzi\u0119kujemy za zaufanie.<\/p>\t\t\t\t\t\t\t\t<\/div>\n\t\t\t\t<div class=\"elementor-element elementor-element-34b64b22 elementor-icon-list--layout-traditional elementor-list-item-link-full_width elementor-widget elementor-widget-icon-list\" data-id=\"34b64b22\" data-element_type=\"widget\" data-widget_type=\"icon-list.default\">\n\t\t\t\t\t\t\t<ul class=\"elementor-icon-list-items\">\n\t\t\t\t\t\t\t<li class=\"elementor-icon-list-item\">\n\t\t\t\t\t\t\t\t\t\t\t<span class=\"elementor-icon-list-icon\">\n\t\t\t\t\t\t\t<svg aria-hidden=\"true\" class=\"e-font-icon-svg e-fas-square-full\" viewBox=\"0 0 512 512\" xmlns=\"http:\/\/www.w3.org\/2000\/svg\"><path d=\"M512 512H0V0h512v512z\"><\/path><\/svg>\t\t\t\t\t\t<\/span>\n\t\t\t\t\t\t\t\t\t\t<span class=\"elementor-icon-list-text\">Zakupy s\u0105 przyjemno\u015bci\u0105, dlatego dbamy o to, aby proces zwrotu by\u0142 szybki i \u0142atwy.<\/span>\n\t\t\t\t\t\t\t\t\t<\/li>\n\t\t\t\t\t\t<\/ul>\n\t\t\t\t\t\t<\/div>\n\t\t\t\t<div class=\"elementor-element elementor-element-7a46d1c1 elementor-widget elementor-widget-text-editor\" data-id=\"7a46d1c1\" data-element_type=\"widget\" data-widget_type=\"text-editor.default\">\n\t\t\t\t\t\t\t\t\t<p>W razie pyta\u0144 o proces zwrot\u00f3w zapraszamy do kontaktu. Ch\u0119tnie rozwiejemy wszelkie w\u0105tpliwo\u015bci i zapewnimy Ci pe\u0142ne wsparcie.<\/p>\t\t\t\t\t\t\t\t<\/div>\n\t\t\t\t<div class=\"elementor-element elementor-element-7357813b elementor-icon-list--layout-traditional elementor-list-item-link-full_width elementor-widget elementor-widget-icon-list\" data-id=\"7357813b\" data-element_type=\"widget\" data-widget_type=\"icon-list.default\">\n\t\t\t\t\t\t\t<ul class=\"elementor-icon-list-items\">\n\t\t\t\t\t\t\t<li class=\"elementor-icon-list-item\">\n\t\t\t\t\t\t\t\t\t\t\t<span class=\"elementor-icon-list-icon\">\n\t\t\t\t\t\t\t<svg aria-hidden=\"true\" class=\"e-font-icon-svg e-fas-square-full\" viewBox=\"0 0 512 512\" xmlns=\"http:\/\/www.w3.org\/2000\/svg\"><path d=\"M512 512H0V0h512v512z\"><\/path><\/svg>\t\t\t\t\t\t<\/span>\n\t\t\t\t\t\t\t\t\t\t<span class=\"elementor-icon-list-text\">Ka\u017cdy zwrot, kt\u00f3ry spe\u0142nia nasze normy, zwr\u00f3ci Ci koszty zakupu.<\/span>\n\t\t\t\t\t\t\t\t\t<\/li>\n\t\t\t\t\t\t<\/ul>\n\t\t\t\t\t\t<\/div>\n\t\t\t\t<div class=\"elementor-element elementor-element-556cc118 elementor-widget elementor-widget-text-editor\" data-id=\"556cc118\" data-element_type=\"widget\" data-widget_type=\"text-editor.default\">\n\t\t\t\t\t\t\t\t\t<p>Prosimy o zachowanie paragonu lub dowodu zakupu, aby u\u0142atwi\u0107 proces zwrotu. Bezpieczne zakupy s\u0105 dla nas priorytetem.<\/p>\t\t\t\t\t\t\t\t<\/div>\n\t\t\t\t<\/div>\n\t\t\t\t<\/div>\n\t\t<div id=\"e-n-tab-content-10413831322\" role=\"tabpanel\" aria-labelledby=\"e-n-tab-title-10413831322\" data-tab-index=\"2\" style=\"--n-tabs-title-order: 2;\" class=\" elementor-element elementor-element-7ef6a530 e-con-full e-flex e-con e-child\" data-id=\"7ef6a530\" data-element_type=\"container\">\n\t\t<div class=\"elementor-element elementor-element-5b30c624 e-con-full e-flex e-con e-child\" data-id=\"5b30c624\" data-element_type=\"container\">\n\t\t\t\t<div class=\"elementor-element elementor-element-65ca5cb5 elementor-widget elementor-widget-heading\" data-id=\"65ca5cb5\" data-element_type=\"widget\" data-widget_type=\"heading.default\">\n\t\t\t\t\t<h5 class=\"elementor-heading-title elementor-size-default\">Styl i elegancja<\/h5>\t\t\t\t<\/div>\n\t\t\t\t<div class=\"elementor-element elementor-element-6bc41668 elementor-widget elementor-widget-heading\" data-id=\"6bc41668\" data-element_type=\"widget\" data-widget_type=\"heading.default\">\n\t\t\t\t\t<h2 class=\"elementor-heading-title elementor-size-default\">Polityka prywatno\u015bci<\/h2>\t\t\t\t<\/div>\n\t\t\t\t<div class=\"elementor-element elementor-element-268f6928 elementor-icon-list--layout-traditional elementor-list-item-link-full_width elementor-widget elementor-widget-icon-list\" data-id=\"268f6928\" data-element_type=\"widget\" data-widget_type=\"icon-list.default\">\n\t\t\t\t\t\t\t<ul class=\"elementor-icon-list-items\">\n\t\t\t\t\t\t\t<li class=\"elementor-icon-list-item\">\n\t\t\t\t\t\t\t\t\t\t\t<span class=\"elementor-icon-list-icon\">\n\t\t\t\t\t\t\t<svg aria-hidden=\"true\" class=\"e-font-icon-svg e-fas-square-full\" viewBox=\"0 0 512 512\" xmlns=\"http:\/\/www.w3.org\/2000\/svg\"><path d=\"M512 512H0V0h512v512z\"><\/path><\/svg>\t\t\t\t\t\t<\/span>\n\t\t\t\t\t\t\t\t\t\t<span class=\"elementor-icon-list-text\">Oferujemy pe\u0142n\u0105 przejrzysto\u015b\u0107 w kwestii danych osobowych i ich wykorzystania.<\/span>\n\t\t\t\t\t\t\t\t\t<\/li>\n\t\t\t\t\t\t<\/ul>\n\t\t\t\t\t\t<\/div>\n\t\t\t\t<div class=\"elementor-element elementor-element-3796fafb elementor-widget elementor-widget-text-editor\" data-id=\"3796fafb\" data-element_type=\"widget\" data-widget_type=\"text-editor.default\">\n\t\t\t\t\t\t\t\t\t<p>Dbamy o Twoje dane osobowe. Nasza polityka prywatno\u015bci okre\u015bla, jak zbieramy, przetwarzamy i przechowujemy informacje.<\/p>\t\t\t\t\t\t\t\t<\/div>\n\t\t\t\t<div class=\"elementor-element elementor-element-742e65ef elementor-icon-list--layout-traditional elementor-list-item-link-full_width elementor-widget elementor-widget-icon-list\" data-id=\"742e65ef\" data-element_type=\"widget\" data-widget_type=\"icon-list.default\">\n\t\t\t\t\t\t\t<ul class=\"elementor-icon-list-items\">\n\t\t\t\t\t\t\t<li class=\"elementor-icon-list-item\">\n\t\t\t\t\t\t\t\t\t\t\t<span class=\"elementor-icon-list-icon\">\n\t\t\t\t\t\t\t<svg aria-hidden=\"true\" class=\"e-font-icon-svg e-fas-square-full\" viewBox=\"0 0 512 512\" xmlns=\"http:\/\/www.w3.org\/2000\/svg\"><path d=\"M512 512H0V0h512v512z\"><\/path><\/svg>\t\t\t\t\t\t<\/span>\n\t\t\t\t\t\t\t\t\t\t<span class=\"elementor-icon-list-text\">Bezpiecze\u0144stwo danych to dla nas priorytet, kt\u00f3re w codziennym dzia\u0142aniu traktujemy powa\u017cnie.<\/span>\n\t\t\t\t\t\t\t\t\t<\/li>\n\t\t\t\t\t\t<\/ul>\n\t\t\t\t\t\t<\/div>\n\t\t\t\t<div class=\"elementor-element elementor-element-311c9efe elementor-widget elementor-widget-text-editor\" data-id=\"311c9efe\" data-element_type=\"widget\" data-widget_type=\"text-editor.default\">\n\t\t\t\t\t\t\t\t\t<p>Je\u015bli chcesz dowiedzie\u0107 si\u0119 wi\u0119cej o polityce dotycz\u0105cej danych osobowych, odwied\u017a nasz\u0105 stron\u0119 lub skontaktuj si\u0119 z nami.<\/p>\t\t\t\t\t\t\t\t<\/div>\n\t\t\t\t<div class=\"elementor-element elementor-element-770e1e4 elementor-icon-list--layout-traditional elementor-list-item-link-full_width elementor-widget elementor-widget-icon-list\" data-id=\"770e1e4\" data-element_type=\"widget\" data-widget_type=\"icon-list.default\">\n\t\t\t\t\t\t\t<ul class=\"elementor-icon-list-items\">\n\t\t\t\t\t\t\t<li class=\"elementor-icon-list-item\">\n\t\t\t\t\t\t\t\t\t\t\t<span class=\"elementor-icon-list-icon\">\n\t\t\t\t\t\t\t<svg aria-hidden=\"true\" class=\"e-font-icon-svg e-fas-square-full\" viewBox=\"0 0 512 512\" xmlns=\"http:\/\/www.w3.org\/2000\/svg\"><path d=\"M512 512H0V0h512v512z\"><\/path><\/svg>\t\t\t\t\t\t<\/span>\n\t\t\t\t\t\t\t\t\t\t<span class=\"elementor-icon-list-text\">Nasi klienci maj\u0105 pe\u0142ne prawo dost\u0119pu do swoich danych oraz ich modyfikacji.<\/span>\n\t\t\t\t\t\t\t\t\t<\/li>\n\t\t\t\t\t\t<\/ul>\n\t\t\t\t\t\t<\/div>\n\t\t\t\t<div class=\"elementor-element elementor-element-12977d44 elementor-widget elementor-widget-text-editor\" data-id=\"12977d44\" data-element_type=\"widget\" data-widget_type=\"text-editor.default\">\n\t\t\t\t\t\t\t\t\t<p>Nasza polityka dotycz\u0105ca cookies pomaga w dostosowywaniu i usprawnianiu Twojego do\u015bwiadczenia zakupowego.<\/p>\t\t\t\t\t\t\t\t<\/div>\n\t\t\t\t<div class=\"elementor-element elementor-element-630a3314 elementor-icon-list--layout-traditional elementor-list-item-link-full_width elementor-widget elementor-widget-icon-list\" data-id=\"630a3314\" data-element_type=\"widget\" data-widget_type=\"icon-list.default\">\n\t\t\t\t\t\t\t<ul class=\"elementor-icon-list-items\">\n\t\t\t\t\t\t\t<li class=\"elementor-icon-list-item\">\n\t\t\t\t\t\t\t\t\t\t\t<span class=\"elementor-icon-list-icon\">\n\t\t\t\t\t\t\t<svg aria-hidden=\"true\" class=\"e-font-icon-svg e-fas-square-full\" viewBox=\"0 0 512 512\" xmlns=\"http:\/\/www.w3.org\/2000\/svg\"><path d=\"M512 512H0V0h512v512z\"><\/path><\/svg>\t\t\t\t\t\t<\/span>\n\t\t\t\t\t\t\t\t\t\t<span class=\"elementor-icon-list-text\">U\u017cywamy plik\u00f3w cookies, aby poprawi\u0107 u\u017cyteczno\u015b\u0107 naszej strony i analizowa\u0107 dane pochodz\u0105ce z ruchu.<\/span>\n\t\t\t\t\t\t\t\t\t<\/li>\n\t\t\t\t\t\t<\/ul>\n\t\t\t\t\t\t<\/div>\n\t\t\t\t<div class=\"elementor-element elementor-element-65718f51 elementor-widget elementor-widget-text-editor\" data-id=\"65718f51\" data-element_type=\"widget\" data-widget_type=\"text-editor.default\">\n\t\t\t\t\t\t\t\t\t<p>Nasze pliki cookies s\u0105 stosowane w celu gromadzenia informacji o Twoich preferencjach oraz wspierania personalizacji us\u0142ug.\t\t\t\t\t\t\t\t<\/div>\n\t\t\t\t<div class=\"elementor-element elementor-element-3f8e5a40 elementor-icon-list--layout-traditional elementor-list-item-link-full_width elementor-widget elementor-widget-icon-list\" data-id=\"3f8e5a40\" data-element_type=\"widget\" data-widget_type=\"icon-list.default\">\n\t\t\t\t\t\t\t<ul class=\"elementor-icon-list-items\">\n\t\t\t\t\t\t\t<li class=\"elementor-icon-list-item\">\n\t\t\t\t\t\t\t\t\t\t\t<span class=\"elementor-icon-list-icon\">\n\t\t\t\t\t\t\t<svg aria-hidden=\"true\" class=\"e-font-icon-svg e-fas-square-full\" viewBox=\"0 0 512 512\" xmlns=\"http:\/\/www.w3.org\/2000\/svg\"><path d=\"M512 512H0V0h512v512z\"><\/path><\/svg>\t\t\t\t\t\t<\/span>\n\t\t\t\t\t\t\t\t\t\t<span class=\"elementor-icon-list-text\">Mo\u017cesz zarz\u0105dza\u0107 swoimi ustawieniami cookies w przegl\u0105darce, a tak\u017ce w ka\u017cdej chwili je wy\u0142\u0105czy\u0107.<\/span>\n\t\t\t\t\t\t\t\t\t<\/li>\n\t\t\t\t\t\t<\/ul>\n\t\t\t\t\t\t<\/div>\n\t\t\t\t<div class=\"elementor-element elementor-element-6fb7a33b elementor-widget elementor-widget-text-editor\" data-id=\"6fb7a33b\" data-element_type=\"widget\" data-widget_type=\"text-editor.default\">\n\t\t\t\t\t\t\t\t\t<p>Przechowujemy Twoje informacje zgodnie z obowi\u0105zuj\u0105cymi przepisami prawa. Je\u015bli masz pytania, skontaktuj si\u0119 z nami.<\/p>\t\t\t\t\t\t\t\t<\/div>\n\t\t\t\t<\/div>\n\t\t\t\t<\/div>\n\t\t\t\t\t<\/div>\n\t\t<\/div>\n\t\t\t\t\t\t<\/div>\n\t\t\t\t<\/div>\n\t\t\t\t\t<\/div>\n\t\t\t\t<\/div>\n\t\t\t\t<\/div>\n\t\t","protected":false},"excerpt":{"rendered":"<p>Styl i elegancja Polityki Nasza polityka zwrot\u00f3w zapewnia przejrzysto\u015b\u0107 i komfort zakup\u00f3w. Poznaj nasze zasady zwrotu i reklamacji. Polityka prywatno\u015bci Polityka cookies Tagline Polityka cookies P\u0142atno\u015b\u0107 za zam\u00f3wienia jest szyfrowana i bezpieczna, co zapewnia Twoje dane. Nasze zasady dotycz\u0105ce zwrot\u00f3w s\u0105 proste i jasne. Mo\u017cesz zwr\u00f3ci\u0107 towar w ci\u0105gu 30 dni, pod warunkiem, \u017ce produkt&#8230;<\/p>\n","protected":false},"author":1,"featured_media":0,"parent":0,"menu_order":0,"comment_status":"closed","ping_status":"closed","template":"","meta":{"_kad_post_transparent":"","_kad_post_title":"","_kad_post_layout":"","_kad_post_sidebar_id":"","_kad_post_content_style":"","_kad_post_vertical_padding":"","_kad_post_feature":"","_kad_post_feature_position":"","_kad_post_header":false,"_kad_post_footer":false,"footnotes":""},"class_list":["post-56","page","type-page","status-publish","hentry"],"yoast_head":"<!-- This site is optimized with the Yoast SEO plugin v26.2 - https:\/\/yoast.com\/wordpress\/plugins\/seo\/ -->\n<title>Refund and Returns Policy - Lilluma<\/title>\n<meta name=\"robots\" content=\"index, follow, max-snippet:-1, max-image-preview:large, max-video-preview:-1\" \/>\n<link rel=\"canonical\" href=\"https:\/\/lilluma.szymonhojda.com\/?page_id=56\" \/>\n<meta property=\"og:locale\" content=\"en_US\" \/>\n<meta property=\"og:type\" content=\"article\" \/>\n<meta property=\"og:title\" content=\"Refund and Returns Policy - Lilluma\" \/>\n<meta property=\"og:description\" content=\"Styl i elegancja Polityki Nasza polityka zwrot\u00f3w zapewnia przejrzysto\u015b\u0107 i komfort zakup\u00f3w. Poznaj nasze zasady zwrotu i reklamacji. Polityka prywatno\u015bci Polityka cookies Tagline Polityka cookies P\u0142atno\u015b\u0107 za zam\u00f3wienia jest szyfrowana i bezpieczna, co zapewnia Twoje dane. Nasze zasady dotycz\u0105ce zwrot\u00f3w s\u0105 proste i jasne. Mo\u017cesz zwr\u00f3ci\u0107 towar w ci\u0105gu 30 dni, pod warunkiem, \u017ce produkt...\" \/>\n<meta property=\"og:url\" content=\"https:\/\/lilluma.szymonhojda.com\/?page_id=56\" \/>\n<meta property=\"og:site_name\" content=\"Lilluma\" \/>\n<meta property=\"article:modified_time\" content=\"2025-10-29T19:54:29+00:00\" \/>\n<meta name=\"twitter:card\" content=\"summary_large_image\" \/>\n<meta name=\"twitter:label1\" content=\"Est. reading time\" \/>\n\t<meta name=\"twitter:data1\" content=\"4 minutes\" \/>\n<script type=\"application\/ld+json\" class=\"yoast-schema-graph\">{\"@context\":\"https:\/\/schema.org\",\"@graph\":[{\"@type\":\"WebPage\",\"@id\":\"https:\/\/lilluma.szymonhojda.com\/?page_id=56\",\"url\":\"https:\/\/lilluma.szymonhojda.com\/?page_id=56\",\"name\":\"Refund and Returns Policy - Lilluma\",\"isPartOf\":{\"@id\":\"https:\/\/lilluma.szymonhojda.com\/#website\"},\"datePublished\":\"2025-10-29T19:54:24+00:00\",\"dateModified\":\"2025-10-29T19:54:29+00:00\",\"breadcrumb\":{\"@id\":\"https:\/\/lilluma.szymonhojda.com\/?page_id=56#breadcrumb\"},\"inLanguage\":\"en-US\",\"potentialAction\":[{\"@type\":\"ReadAction\",\"target\":[\"https:\/\/lilluma.szymonhojda.com\/?page_id=56\"]}]},{\"@type\":\"BreadcrumbList\",\"@id\":\"https:\/\/lilluma.szymonhojda.com\/?page_id=56#breadcrumb\",\"itemListElement\":[{\"@type\":\"ListItem\",\"position\":1,\"name\":\"Strona g\u0142\u00f3wna\",\"item\":\"https:\/\/lilluma.szymonhojda.com\/\"},{\"@type\":\"ListItem\",\"position\":2,\"name\":\"Refund and Returns Policy\"}]},{\"@type\":\"WebSite\",\"@id\":\"https:\/\/lilluma.szymonhojda.com\/#website\",\"url\":\"https:\/\/lilluma.szymonhojda.com\/\",\"name\":\"Lilluma\",\"description\":\"\",\"publisher\":{\"@id\":\"https:\/\/lilluma.szymonhojda.com\/#organization\"},\"potentialAction\":[{\"@type\":\"SearchAction\",\"target\":{\"@type\":\"EntryPoint\",\"urlTemplate\":\"https:\/\/lilluma.szymonhojda.com\/?s={search_term_string}\"},\"query-input\":{\"@type\":\"PropertyValueSpecification\",\"valueRequired\":true,\"valueName\":\"search_term_string\"}}],\"inLanguage\":\"en-US\"},{\"@type\":\"Organization\",\"@id\":\"https:\/\/lilluma.szymonhojda.com\/#organization\",\"name\":\"Lilluma\",\"url\":\"https:\/\/lilluma.szymonhojda.com\/\",\"logo\":{\"@type\":\"ImageObject\",\"inLanguage\":\"en-US\",\"@id\":\"https:\/\/lilluma.szymonhojda.com\/#\/schema\/logo\/image\/\",\"url\":\"https:\/\/lilluma.szymonhojda.com\/wp-content\/uploads\/2025\/10\/1-scaled.png\",\"contentUrl\":\"https:\/\/lilluma.szymonhojda.com\/wp-content\/uploads\/2025\/10\/1-scaled.png\",\"width\":2560,\"height\":2560,\"caption\":\"Lilluma\"},\"image\":{\"@id\":\"https:\/\/lilluma.szymonhojda.com\/#\/schema\/logo\/image\/\"}}]}<\/script>\n<!-- \/ Yoast SEO plugin. -->","yoast_head_json":{"title":"Refund and Returns Policy - Lilluma","robots":{"index":"index","follow":"follow","max-snippet":"max-snippet:-1","max-image-preview":"max-image-preview:large","max-video-preview":"max-video-preview:-1"},"canonical":"https:\/\/lilluma.szymonhojda.com\/?page_id=56","og_locale":"en_US","og_type":"article","og_title":"Refund and Returns Policy - Lilluma","og_description":"Styl i elegancja Polityki Nasza polityka zwrot\u00f3w zapewnia przejrzysto\u015b\u0107 i komfort zakup\u00f3w. Poznaj nasze zasady zwrotu i reklamacji. Polityka prywatno\u015bci Polityka cookies Tagline Polityka cookies P\u0142atno\u015b\u0107 za zam\u00f3wienia jest szyfrowana i bezpieczna, co zapewnia Twoje dane. Nasze zasady dotycz\u0105ce zwrot\u00f3w s\u0105 proste i jasne. Mo\u017cesz zwr\u00f3ci\u0107 towar w ci\u0105gu 30 dni, pod warunkiem, \u017ce produkt...","og_url":"https:\/\/lilluma.szymonhojda.com\/?page_id=56","og_site_name":"Lilluma","article_modified_time":"2025-10-29T19:54:29+00:00","twitter_card":"summary_large_image","twitter_misc":{"Est. reading time":"4 minutes"},"schema":{"@context":"https:\/\/schema.org","@graph":[{"@type":"WebPage","@id":"https:\/\/lilluma.szymonhojda.com\/?page_id=56","url":"https:\/\/lilluma.szymonhojda.com\/?page_id=56","name":"Refund and Returns Policy - Lilluma","isPartOf":{"@id":"https:\/\/lilluma.szymonhojda.com\/#website"},"datePublished":"2025-10-29T19:54:24+00:00","dateModified":"2025-10-29T19:54:29+00:00","breadcrumb":{"@id":"https:\/\/lilluma.szymonhojda.com\/?page_id=56#breadcrumb"},"inLanguage":"en-US","potentialAction":[{"@type":"ReadAction","target":["https:\/\/lilluma.szymonhojda.com\/?page_id=56"]}]},{"@type":"BreadcrumbList","@id":"https:\/\/lilluma.szymonhojda.com\/?page_id=56#breadcrumb","itemListElement":[{"@type":"ListItem","position":1,"name":"Strona g\u0142\u00f3wna","item":"https:\/\/lilluma.szymonhojda.com\/"},{"@type":"ListItem","position":2,"name":"Refund and Returns Policy"}]},{"@type":"WebSite","@id":"https:\/\/lilluma.szymonhojda.com\/#website","url":"https:\/\/lilluma.szymonhojda.com\/","name":"Lilluma","description":"","publisher":{"@id":"https:\/\/lilluma.szymonhojda.com\/#organization"},"potentialAction":[{"@type":"SearchAction","target":{"@type":"EntryPoint","urlTemplate":"https:\/\/lilluma.szymonhojda.com\/?s={search_term_string}"},"query-input":{"@type":"PropertyValueSpecification","valueRequired":true,"valueName":"search_term_string"}}],"inLanguage":"en-US"},{"@type":"Organization","@id":"https:\/\/lilluma.szymonhojda.com\/#organization","name":"Lilluma","url":"https:\/\/lilluma.szymonhojda.com\/","logo":{"@type":"ImageObject","inLanguage":"en-US","@id":"https:\/\/lilluma.szymonhojda.com\/#\/schema\/logo\/image\/","url":"https:\/\/lilluma.szymonhojda.com\/wp-content\/uploads\/2025\/10\/1-scaled.png","contentUrl":"https:\/\/lilluma.szymonhojda.com\/wp-content\/uploads\/2025\/10\/1-scaled.png","width":2560,"height":2560,"caption":"Lilluma"},"image":{"@id":"https:\/\/lilluma.szymonhojda.com\/#\/schema\/logo\/image\/"}}]}},"_links":{"self":[{"href":"https:\/\/lilluma.szymonhojda.com\/index.php?rest_route=\/wp\/v2\/pages\/56","targetHints":{"allow":["GET"]}}],"collection":[{"href":"https:\/\/lilluma.szymonhojda.com\/index.php?rest_route=\/wp\/v2\/pages"}],"about":[{"href":"https:\/\/lilluma.szymonhojda.com\/index.php?rest_route=\/wp\/v2\/types\/page"}],"author":[{"embeddable":true,"href":"https:\/\/lilluma.szymonhojda.com\/index.php?rest_route=\/wp\/v2\/users\/1"}],"replies":[{"embeddable":true,"href":"https:\/\/lilluma.szymonhojda.com\/index.php?rest_route=%2Fwp%2Fv2%2Fcomments&post=56"}],"version-history":[{"count":4,"href":"https:\/\/lilluma.szymonhojda.com\/index.php?rest_route=\/wp\/v2\/pages\/56\/revisions"}],"predecessor-version":[{"id":104,"href":"https:\/\/lilluma.szymonhojda.com\/index.php?rest_route=\/wp\/v2\/pages\/56\/revisions\/104"}],"wp:attachment":[{"href":"https:\/\/lilluma.szymonhojda.com\/index.php?rest_route=%2Fwp%2Fv2%2Fmedia&parent=56"}],"curies":[{"name":"wp","href":"https:\/\/api.w.org\/{rel}","templated":true}]}}