{"id":38,"date":"2025-10-29T20:54:23","date_gmt":"2025-10-29T19:54:23","guid":{"rendered":"https:\/\/lilluma.szymonhojda.com\/?page_id=38"},"modified":"2025-10-29T20:54:28","modified_gmt":"2025-10-29T19:54:28","slug":"polityka-prywatnosci-2","status":"publish","type":"page","link":"https:\/\/lilluma.szymonhojda.com\/?page_id=38","title":{"rendered":"Polityka prywatno\u015bci"},"content":{"rendered":"\t\t<div data-elementor-type=\"wp-page\" data-elementor-id=\"38\" class=\"elementor elementor-38\" data-elementor-post-type=\"page\">\n\t\t\t\t<div class=\"elementor-element elementor-element-27908fda e-flex e-con-boxed e-con e-parent\" data-id=\"27908fda\" data-element_type=\"container\">\n\t\t\t\t\t<div class=\"e-con-inner\">\n\t\t<div class=\"elementor-element elementor-element-398ab5d7 e-con-full e-flex e-con e-child\" data-id=\"398ab5d7\" data-element_type=\"container\">\n\t\t\t\t<div class=\"elementor-element elementor-element-37c4889b elementor-widget elementor-widget-heading\" data-id=\"37c4889b\" data-element_type=\"widget\" data-widget_type=\"heading.default\">\n\t\t\t\t\t<h5 class=\"elementor-heading-title elementor-size-default\">Ochrona Twoich Danych<\/h5>\t\t\t\t<\/div>\n\t\t\t\t<div class=\"elementor-element elementor-element-6e66f2d9 elementor-widget elementor-widget-heading\" data-id=\"6e66f2d9\" data-element_type=\"widget\" data-widget_type=\"heading.default\">\n\t\t\t\t\t<h2 class=\"elementor-heading-title elementor-size-default\">Dlaczego Ochrona Danych Jest Tak Wa\u017cna?<\/h2>\t\t\t\t<\/div>\n\t\t\t\t<\/div>\n\t\t<div class=\"elementor-element elementor-element-545a0fd4 e-con-full e-flex e-con e-child\" data-id=\"545a0fd4\" data-element_type=\"container\">\n\t\t\t\t<div class=\"elementor-element elementor-element-732e14d6 elementor-widget elementor-widget-text-editor\" data-id=\"732e14d6\" data-element_type=\"widget\" data-widget_type=\"text-editor.default\">\n\t\t\t\t\t\t\t\t\tNasza polityka prywatno\u015bci ma na celu zapewnienie, \u017ce Twoje dane osobowe s\u0105 odpowiednio chronione. D\u0105\u017cymy do budowania zaufania i zapewnienia Ci pe\u0142nej przejrzysto\u015bci, aby\u015b m\u00f3g\u0142 czu\u0107 si\u0119 bezpiecznie wybieraj\u0105c nasze produkty. W dobie cyfrowej ochrona danych staje si\u0119 kluczowym elementem ka\u017cdej interakcji online. W Lilluma Home &#038; Style dbamy o to, aby zbierane informacje by\u0142y przetwarzane rzetelnie i zgodnie z obowi\u0105zuj\u0105cymi normami. Nasze dzia\u0142ania maj\u0105 na celu nie tylko przestrzeganie przepis\u00f3w prawnych, ale tak\u017ce ochron\u0119 Twoich interes\u00f3w jako u\u017cytkownika. Cieszymy si\u0119, \u017ce mo\u017cemy oferowa\u0107 eleganckie produkty w bezpiecznym \u015brodowisku, w kt\u00f3rym Twoje dane s\u0105 szanowane.\t\t\t\t\t\t\t\t<\/div>\n\t\t\t\t<\/div>\n\t\t\t\t\t<\/div>\n\t\t\t\t<\/div>\n\t\t<div class=\"elementor-element elementor-element-5b0a33f7 e-flex e-con-boxed e-con e-parent\" data-id=\"5b0a33f7\" data-element_type=\"container\" data-settings=\"{&quot;background_background&quot;:&quot;classic&quot;}\">\n\t\t\t\t\t<div class=\"e-con-inner\">\n\t\t<div class=\"elementor-element elementor-element-69654bac e-con-full e-flex e-con e-child\" data-id=\"69654bac\" data-element_type=\"container\">\n\t\t\t\t<\/div>\n\t\t<div class=\"elementor-element elementor-element-1356ea e-con-full e-flex e-con e-child\" data-id=\"1356ea\" data-element_type=\"container\">\n\t\t\t\t<div class=\"elementor-element elementor-element-6e57b0ee elementor-widget elementor-widget-heading\" data-id=\"6e57b0ee\" data-element_type=\"widget\" data-widget_type=\"heading.default\">\n\t\t\t\t\t<h2 class=\"elementor-heading-title elementor-size-default\">Rodzaje zbieranych danych<\/h2>\t\t\t\t<\/div>\n\t\t\t\t<div class=\"elementor-element elementor-element-3cd3120b elementor-widget elementor-widget-text-editor\" data-id=\"3cd3120b\" data-element_type=\"widget\" data-widget_type=\"text-editor.default\">\n\t\t\t\t\t\t\t\t\t<p>Zbieramy dane osobowe, aby lepiej dostosowa\u0107 nasze us\u0142ugi do Twoich potrzeb. Informacje, takie jak imi\u0119, nazwisko, adres e-mail oraz numer telefonu, mog\u0105 by\u0107 u\u017cywane do komunikacji, przetwarzania zam\u00f3wie\u0144, a tak\u017ce do wysy\u0142ania aktualizacji i ofert specjalnych.<\/p>\t\t\t\t\t\t\t\t<\/div>\n\t\t<div class=\"elementor-element elementor-element-2ec0c60e e-flex e-con-boxed e-con e-child\" data-id=\"2ec0c60e\" data-element_type=\"container\">\n\t\t\t\t\t<div class=\"e-con-inner\">\n\t\t\t\t<div class=\"elementor-element elementor-element-730df836 elementor-widget__width-auto elementor-widget elementor-widget-button\" data-id=\"730df836\" data-element_type=\"widget\" data-widget_type=\"button.default\">\n\t\t\t\t\t\t\t\t\t\t<a class=\"elementor-button elementor-button-link elementor-size-sm\" href=\"#\">\n\t\t\t\t\t\t<span class=\"elementor-button-content-wrapper\">\n\t\t\t\t\t\t\t\t\t<span class=\"elementor-button-text\">Dowiedz si\u0119 wi\u0119cej<\/span>\n\t\t\t\t\t<\/span>\n\t\t\t\t\t<\/a>\n\t\t\t\t\t\t\t\t<\/div>\n\t\t\t\t\t<\/div>\n\t\t\t\t<\/div>\n\t\t\t\t<\/div>\n\t\t\t\t\t<\/div>\n\t\t\t\t<\/div>\n\t\t<div class=\"elementor-element elementor-element-42df389e e-flex e-con-boxed e-con e-parent\" data-id=\"42df389e\" data-element_type=\"container\" data-settings=\"{&quot;background_background&quot;:&quot;classic&quot;}\">\n\t\t\t\t\t<div class=\"e-con-inner\">\n\t\t\t\t<div class=\"elementor-element elementor-element-5313af24 elementor-widget elementor-widget-heading\" data-id=\"5313af24\" data-element_type=\"widget\" data-widget_type=\"heading.default\">\n\t\t\t\t\t<h2 class=\"elementor-heading-title elementor-size-default\">FAQ<\/h2>\t\t\t\t<\/div>\n\t\t<div class=\"elementor-element elementor-element-57e443b2 e-con-full e-flex e-con e-child\" data-id=\"57e443b2\" data-element_type=\"container\">\n\t\t\t\t<div class=\"elementor-element elementor-element-43c55f48 elementor-widget__width-initial elementor-widget-tablet__width-inherit elementor-widget elementor-widget-toggle\" data-id=\"43c55f48\" data-element_type=\"widget\" data-widget_type=\"toggle.default\">\n\t\t\t\t\t\t\t<div class=\"elementor-toggle\">\n\t\t\t\t\t\t\t<div class=\"elementor-toggle-item\">\n\t\t\t\t\t<h4 id=\"elementor-tab-title-1131\" class=\"elementor-tab-title\" data-tab=\"1\" role=\"button\" aria-controls=\"elementor-tab-content-1131\" aria-expanded=\"false\">\n\t\t\t\t\t\t\t\t\t\t\t\t<a class=\"elementor-toggle-title\" tabindex=\"0\">Jakie prawa przys\u0142uguj\u0105 u\u017cytkownikom w zakresie danych osobowych?<\/a>\n\t\t\t\t\t<\/h4>\n\n\t\t\t\t\t<div id=\"elementor-tab-content-1131\" class=\"elementor-tab-content elementor-clearfix\" data-tab=\"1\" role=\"region\" aria-labelledby=\"elementor-tab-title-1131\">Jako u\u017cytkownik masz szereg praw dotycz\u0105cych ochrony swoich danych osobowych. Mo\u017cesz \u017c\u0105da\u0107 dost\u0119pu do nich, ich poprawy, a tak\u017ce usuni\u0119cia. Jeste\u015bmy tu, aby zadba\u0107 o Wasze bezpiecze\u0144stwo i spe\u0142ni\u0107 Wasze oczekiwania.<\/div>\n\t\t\t\t<\/div>\n\t\t\t\t\t\t\t<div class=\"elementor-toggle-item\">\n\t\t\t\t\t<h4 id=\"elementor-tab-title-1132\" class=\"elementor-tab-title\" data-tab=\"2\" role=\"button\" aria-controls=\"elementor-tab-content-1132\" aria-expanded=\"false\">\n\t\t\t\t\t\t\t\t\t\t\t\t<a class=\"elementor-toggle-title\" tabindex=\"0\">Jak informujemy o zmianach w polityce prywatno\u015bci?<\/a>\n\t\t\t\t\t<\/h4>\n\n\t\t\t\t\t<div id=\"elementor-tab-content-1132\" class=\"elementor-tab-content elementor-clearfix\" data-tab=\"2\" role=\"region\" aria-labelledby=\"elementor-tab-title-1132\">Informacje na temat zmian w naszej polityce prywatno\u015bci b\u0119d\u0105 publikowane na naszej stronie. Ka\u017cda zmiana b\u0119dzie zrozumia\u0142a i dost\u0119pna dla naszych klient\u00f3w.<\/div>\n\t\t\t\t<\/div>\n\t\t\t\t\t\t\t<div class=\"elementor-toggle-item\">\n\t\t\t\t\t<h4 id=\"elementor-tab-title-1133\" class=\"elementor-tab-title\" data-tab=\"3\" role=\"button\" aria-controls=\"elementor-tab-content-1133\" aria-expanded=\"false\">\n\t\t\t\t\t\t\t\t\t\t\t\t<a class=\"elementor-toggle-title\" tabindex=\"0\">Jakie dane zbieramy o u\u017cytkownikach?<\/a>\n\t\t\t\t\t<\/h4>\n\n\t\t\t\t\t<div id=\"elementor-tab-content-1133\" class=\"elementor-tab-content elementor-clearfix\" data-tab=\"3\" role=\"region\" aria-labelledby=\"elementor-tab-title-1133\">Zbieramy dane niezb\u0119dne do realizacji zam\u00f3wienia, takie jak imi\u0119, nazwisko, adres e-mail oraz adres dostawy. Szanujemy prywatno\u015b\u0107 naszych u\u017cytkownik\u00f3w.<\/div>\n\t\t\t\t<\/div>\n\t\t\t\t\t\t\t<div class=\"elementor-toggle-item\">\n\t\t\t\t\t<h4 id=\"elementor-tab-title-1134\" class=\"elementor-tab-title\" data-tab=\"4\" role=\"button\" aria-controls=\"elementor-tab-content-1134\" aria-expanded=\"false\">\n\t\t\t\t\t\t\t\t\t\t\t\t<a class=\"elementor-toggle-title\" tabindex=\"0\">Jak mo\u017cna skontaktowa\u0107 si\u0119 z nami w sprawie danych osobowych?<\/a>\n\t\t\t\t\t<\/h4>\n\n\t\t\t\t\t<div id=\"elementor-tab-content-1134\" class=\"elementor-tab-content elementor-clearfix\" data-tab=\"4\" role=\"region\" aria-labelledby=\"elementor-tab-title-1134\">Wszelkie pytania dotycz\u0105ce danych osobowych mo\u017cna kierowa\u0107 na nasz adres e-mail. Z przyjemno\u015bci\u0105 odpowiemy na wszystkie w\u0105tpliwo\u015bci i zapewnimy odpowiednie wsparcie.<\/div>\n\t\t\t\t<\/div>\n\t\t\t\t\t\t\t\t<\/div>\n\t\t\t\t\t\t<\/div>\n\t\t\t\t<\/div>\n\t\t\t\t\t<\/div>\n\t\t\t\t<\/div>\n\t\t\t\t<\/div>\n\t\t","protected":false},"excerpt":{"rendered":"<p>Ochrona Twoich Danych Dlaczego Ochrona Danych Jest Tak Wa\u017cna? Nasza polityka prywatno\u015bci ma na celu zapewnienie, \u017ce Twoje dane osobowe s\u0105 odpowiednio chronione. D\u0105\u017cymy do budowania zaufania i zapewnienia Ci pe\u0142nej przejrzysto\u015bci, aby\u015b m\u00f3g\u0142 czu\u0107 si\u0119 bezpiecznie wybieraj\u0105c nasze produkty. W dobie cyfrowej ochrona danych staje si\u0119 kluczowym elementem ka\u017cdej interakcji online. W Lilluma Home&#8230;<\/p>\n","protected":false},"author":1,"featured_media":0,"parent":0,"menu_order":0,"comment_status":"closed","ping_status":"closed","template":"","meta":{"_kad_post_transparent":"","_kad_post_title":"","_kad_post_layout":"","_kad_post_sidebar_id":"","_kad_post_content_style":"","_kad_post_vertical_padding":"","_kad_post_feature":"","_kad_post_feature_position":"","_kad_post_header":false,"_kad_post_footer":false,"footnotes":""},"class_list":["post-38","page","type-page","status-publish","hentry"],"yoast_head":"<!-- This site is optimized with the Yoast SEO plugin v26.2 - https:\/\/yoast.com\/wordpress\/plugins\/seo\/ -->\n<title>Polityka prywatno\u015bci - Lilluma<\/title>\n<meta name=\"robots\" content=\"index, follow, max-snippet:-1, max-image-preview:large, max-video-preview:-1\" \/>\n<link rel=\"canonical\" href=\"https:\/\/lilluma.szymonhojda.com\/?page_id=38\" \/>\n<meta property=\"og:locale\" content=\"en_US\" \/>\n<meta property=\"og:type\" content=\"article\" \/>\n<meta property=\"og:title\" content=\"Polityka prywatno\u015bci - Lilluma\" \/>\n<meta property=\"og:description\" content=\"Ochrona Twoich Danych Dlaczego Ochrona Danych Jest Tak Wa\u017cna? Nasza polityka prywatno\u015bci ma na celu zapewnienie, \u017ce Twoje dane osobowe s\u0105 odpowiednio chronione. D\u0105\u017cymy do budowania zaufania i zapewnienia Ci pe\u0142nej przejrzysto\u015bci, aby\u015b m\u00f3g\u0142 czu\u0107 si\u0119 bezpiecznie wybieraj\u0105c nasze produkty. W dobie cyfrowej ochrona danych staje si\u0119 kluczowym elementem ka\u017cdej interakcji online. W Lilluma Home...\" \/>\n<meta property=\"og:url\" content=\"https:\/\/lilluma.szymonhojda.com\/?page_id=38\" \/>\n<meta property=\"og:site_name\" content=\"Lilluma\" \/>\n<meta property=\"article:modified_time\" content=\"2025-10-29T19:54:28+00:00\" \/>\n<meta name=\"twitter:card\" content=\"summary_large_image\" \/>\n<meta name=\"twitter:label1\" content=\"Est. reading time\" \/>\n\t<meta name=\"twitter:data1\" content=\"2 minutes\" \/>\n<script type=\"application\/ld+json\" class=\"yoast-schema-graph\">{\"@context\":\"https:\/\/schema.org\",\"@graph\":[{\"@type\":\"WebPage\",\"@id\":\"https:\/\/lilluma.szymonhojda.com\/?page_id=38\",\"url\":\"https:\/\/lilluma.szymonhojda.com\/?page_id=38\",\"name\":\"Polityka prywatno\u015bci - Lilluma\",\"isPartOf\":{\"@id\":\"https:\/\/lilluma.szymonhojda.com\/#website\"},\"datePublished\":\"2025-10-29T19:54:23+00:00\",\"dateModified\":\"2025-10-29T19:54:28+00:00\",\"breadcrumb\":{\"@id\":\"https:\/\/lilluma.szymonhojda.com\/?page_id=38#breadcrumb\"},\"inLanguage\":\"en-US\",\"potentialAction\":[{\"@type\":\"ReadAction\",\"target\":[\"https:\/\/lilluma.szymonhojda.com\/?page_id=38\"]}]},{\"@type\":\"BreadcrumbList\",\"@id\":\"https:\/\/lilluma.szymonhojda.com\/?page_id=38#breadcrumb\",\"itemListElement\":[{\"@type\":\"ListItem\",\"position\":1,\"name\":\"Strona g\u0142\u00f3wna\",\"item\":\"https:\/\/lilluma.szymonhojda.com\/\"},{\"@type\":\"ListItem\",\"position\":2,\"name\":\"Polityka prywatno\u015bci\"}]},{\"@type\":\"WebSite\",\"@id\":\"https:\/\/lilluma.szymonhojda.com\/#website\",\"url\":\"https:\/\/lilluma.szymonhojda.com\/\",\"name\":\"Lilluma\",\"description\":\"\",\"publisher\":{\"@id\":\"https:\/\/lilluma.szymonhojda.com\/#organization\"},\"potentialAction\":[{\"@type\":\"SearchAction\",\"target\":{\"@type\":\"EntryPoint\",\"urlTemplate\":\"https:\/\/lilluma.szymonhojda.com\/?s={search_term_string}\"},\"query-input\":{\"@type\":\"PropertyValueSpecification\",\"valueRequired\":true,\"valueName\":\"search_term_string\"}}],\"inLanguage\":\"en-US\"},{\"@type\":\"Organization\",\"@id\":\"https:\/\/lilluma.szymonhojda.com\/#organization\",\"name\":\"Lilluma\",\"url\":\"https:\/\/lilluma.szymonhojda.com\/\",\"logo\":{\"@type\":\"ImageObject\",\"inLanguage\":\"en-US\",\"@id\":\"https:\/\/lilluma.szymonhojda.com\/#\/schema\/logo\/image\/\",\"url\":\"https:\/\/lilluma.szymonhojda.com\/wp-content\/uploads\/2025\/10\/1-scaled.png\",\"contentUrl\":\"https:\/\/lilluma.szymonhojda.com\/wp-content\/uploads\/2025\/10\/1-scaled.png\",\"width\":2560,\"height\":2560,\"caption\":\"Lilluma\"},\"image\":{\"@id\":\"https:\/\/lilluma.szymonhojda.com\/#\/schema\/logo\/image\/\"}}]}<\/script>\n<!-- \/ Yoast SEO plugin. -->","yoast_head_json":{"title":"Polityka prywatno\u015bci - Lilluma","robots":{"index":"index","follow":"follow","max-snippet":"max-snippet:-1","max-image-preview":"max-image-preview:large","max-video-preview":"max-video-preview:-1"},"canonical":"https:\/\/lilluma.szymonhojda.com\/?page_id=38","og_locale":"en_US","og_type":"article","og_title":"Polityka prywatno\u015bci - Lilluma","og_description":"Ochrona Twoich Danych Dlaczego Ochrona Danych Jest Tak Wa\u017cna? Nasza polityka prywatno\u015bci ma na celu zapewnienie, \u017ce Twoje dane osobowe s\u0105 odpowiednio chronione. D\u0105\u017cymy do budowania zaufania i zapewnienia Ci pe\u0142nej przejrzysto\u015bci, aby\u015b m\u00f3g\u0142 czu\u0107 si\u0119 bezpiecznie wybieraj\u0105c nasze produkty. W dobie cyfrowej ochrona danych staje si\u0119 kluczowym elementem ka\u017cdej interakcji online. W Lilluma Home...","og_url":"https:\/\/lilluma.szymonhojda.com\/?page_id=38","og_site_name":"Lilluma","article_modified_time":"2025-10-29T19:54:28+00:00","twitter_card":"summary_large_image","twitter_misc":{"Est. reading time":"2 minutes"},"schema":{"@context":"https:\/\/schema.org","@graph":[{"@type":"WebPage","@id":"https:\/\/lilluma.szymonhojda.com\/?page_id=38","url":"https:\/\/lilluma.szymonhojda.com\/?page_id=38","name":"Polityka prywatno\u015bci - Lilluma","isPartOf":{"@id":"https:\/\/lilluma.szymonhojda.com\/#website"},"datePublished":"2025-10-29T19:54:23+00:00","dateModified":"2025-10-29T19:54:28+00:00","breadcrumb":{"@id":"https:\/\/lilluma.szymonhojda.com\/?page_id=38#breadcrumb"},"inLanguage":"en-US","potentialAction":[{"@type":"ReadAction","target":["https:\/\/lilluma.szymonhojda.com\/?page_id=38"]}]},{"@type":"BreadcrumbList","@id":"https:\/\/lilluma.szymonhojda.com\/?page_id=38#breadcrumb","itemListElement":[{"@type":"ListItem","position":1,"name":"Strona g\u0142\u00f3wna","item":"https:\/\/lilluma.szymonhojda.com\/"},{"@type":"ListItem","position":2,"name":"Polityka prywatno\u015bci"}]},{"@type":"WebSite","@id":"https:\/\/lilluma.szymonhojda.com\/#website","url":"https:\/\/lilluma.szymonhojda.com\/","name":"Lilluma","description":"","publisher":{"@id":"https:\/\/lilluma.szymonhojda.com\/#organization"},"potentialAction":[{"@type":"SearchAction","target":{"@type":"EntryPoint","urlTemplate":"https:\/\/lilluma.szymonhojda.com\/?s={search_term_string}"},"query-input":{"@type":"PropertyValueSpecification","valueRequired":true,"valueName":"search_term_string"}}],"inLanguage":"en-US"},{"@type":"Organization","@id":"https:\/\/lilluma.szymonhojda.com\/#organization","name":"Lilluma","url":"https:\/\/lilluma.szymonhojda.com\/","logo":{"@type":"ImageObject","inLanguage":"en-US","@id":"https:\/\/lilluma.szymonhojda.com\/#\/schema\/logo\/image\/","url":"https:\/\/lilluma.szymonhojda.com\/wp-content\/uploads\/2025\/10\/1-scaled.png","contentUrl":"https:\/\/lilluma.szymonhojda.com\/wp-content\/uploads\/2025\/10\/1-scaled.png","width":2560,"height":2560,"caption":"Lilluma"},"image":{"@id":"https:\/\/lilluma.szymonhojda.com\/#\/schema\/logo\/image\/"}}]}},"_links":{"self":[{"href":"https:\/\/lilluma.szymonhojda.com\/index.php?rest_route=\/wp\/v2\/pages\/38","targetHints":{"allow":["GET"]}}],"collection":[{"href":"https:\/\/lilluma.szymonhojda.com\/index.php?rest_route=\/wp\/v2\/pages"}],"about":[{"href":"https:\/\/lilluma.szymonhojda.com\/index.php?rest_route=\/wp\/v2\/types\/page"}],"author":[{"embeddable":true,"href":"https:\/\/lilluma.szymonhojda.com\/index.php?rest_route=\/wp\/v2\/users\/1"}],"replies":[{"embeddable":true,"href":"https:\/\/lilluma.szymonhojda.com\/index.php?rest_route=%2Fwp%2Fv2%2Fcomments&post=38"}],"version-history":[{"count":4,"href":"https:\/\/lilluma.szymonhojda.com\/index.php?rest_route=\/wp\/v2\/pages\/38\/revisions"}],"predecessor-version":[{"id":92,"href":"https:\/\/lilluma.szymonhojda.com\/index.php?rest_route=\/wp\/v2\/pages\/38\/revisions\/92"}],"wp:attachment":[{"href":"https:\/\/lilluma.szymonhojda.com\/index.php?rest_route=%2Fwp%2Fv2%2Fmedia&parent=38"}],"curies":[{"name":"wp","href":"https:\/\/api.w.org\/{rel}","templated":true}]}}