{"id":26,"date":"2025-10-29T20:54:23","date_gmt":"2025-10-29T19:54:23","guid":{"rendered":"https:\/\/lilluma.szymonhojda.com\/?page_id=26"},"modified":"2025-10-29T20:54:28","modified_gmt":"2025-10-29T19:54:28","slug":"blog","status":"publish","type":"page","link":"https:\/\/lilluma.szymonhojda.com\/?page_id=26","title":{"rendered":"Blog"},"content":{"rendered":"\t\t<div data-elementor-type=\"wp-page\" data-elementor-id=\"26\" class=\"elementor elementor-26\" data-elementor-post-type=\"page\">\n\t\t\t\t<div class=\"elementor-element elementor-element-41d53ea3 e-flex e-con-boxed e-con e-parent\" data-id=\"41d53ea3\" data-element_type=\"container\" data-settings=\"{&quot;background_background&quot;:&quot;classic&quot;}\">\n\t\t\t\t\t<div class=\"e-con-inner\">\n\t\t<div class=\"elementor-element elementor-element-ca17047 e-con-full e-flex e-con e-child\" data-id=\"ca17047\" data-element_type=\"container\">\n\t\t\t\t<div class=\"elementor-element elementor-element-7770c33b elementor-widget elementor-widget-heading\" data-id=\"7770c33b\" data-element_type=\"widget\" data-widget_type=\"heading.default\">\n\t\t\t\t\t<h5 class=\"elementor-heading-title elementor-size-default\">Luksus w ka\u017cdym detalu<\/h5>\t\t\t\t<\/div>\n\t\t\t\t<div class=\"elementor-element elementor-element-38d92e58 elementor-widget elementor-widget-heading\" data-id=\"38d92e58\" data-element_type=\"widget\" data-widget_type=\"heading.default\">\n\t\t\t\t\t<h2 class=\"elementor-heading-title elementor-size-default\">Tw\u00f3j styl, Twoje wn\u0119trza<\/h2>\t\t\t\t<\/div>\n\t\t\t\t<div class=\"elementor-element elementor-element-30b1b63d elementor-widget elementor-widget-text-editor\" data-id=\"30b1b63d\" data-element_type=\"widget\" data-widget_type=\"text-editor.default\">\n\t\t\t\t\t\t\t\t\t<p>Witaj w Lilluma Home &#038; Style. Nasz blog to miejsce, gdzie znajdziesz inspiracje do tworzenia pi\u0119knych i funkcjonalnych wn\u0119trz. Dzielimy si\u0119 poradami, kt\u00f3re sprawi\u0105, \u017ce Tw\u00f3j dom stanie si\u0119 nie tylko estetyczny, ale tak\u017ce komfortowy. Celebrowanie prostoty i luksusu to nasza pasja, a ka\u017cdy artyku\u0142 przybli\u017ca Ci\u0119 do odkrywania niezliczonych mo\u017cliwo\u015bci aran\u017cacji. Przygotuj si\u0119 na pi\u0119kne odkrycia!<\/p>\t\t\t\t\t\t\t\t<\/div>\n\t\t<div class=\"elementor-element elementor-element-29b3fae1 e-flex e-con-boxed e-con e-child\" data-id=\"29b3fae1\" data-element_type=\"container\">\n\t\t\t\t\t<div class=\"e-con-inner\">\n\t\t\t\t<div class=\"elementor-element elementor-element-2ddf86d0 elementor-widget__width-auto elementor-align-right elementor-widget elementor-widget-button\" data-id=\"2ddf86d0\" data-element_type=\"widget\" data-widget_type=\"button.default\">\n\t\t\t\t\t\t\t\t\t\t<a class=\"elementor-button elementor-button-link elementor-size-sm\" href=\"#\">\n\t\t\t\t\t\t<span class=\"elementor-button-content-wrapper\">\n\t\t\t\t\t\t\t\t\t<span class=\"elementor-button-text\">Zobacz wi\u0119cej<\/span>\n\t\t\t\t\t<\/span>\n\t\t\t\t\t<\/a>\n\t\t\t\t\t\t\t\t<\/div>\n\t\t\t\t<div class=\"elementor-element elementor-element-772cec3a elementor-widget__width-auto elementor-align-right elementor-widget elementor-widget-button\" data-id=\"772cec3a\" data-element_type=\"widget\" data-widget_type=\"button.default\">\n\t\t\t\t\t\t\t\t\t\t<a class=\"elementor-button elementor-button-link elementor-size-sm\" href=\"#\">\n\t\t\t\t\t\t<span class=\"elementor-button-content-wrapper\">\n\t\t\t\t\t\t\t\t\t<span class=\"elementor-button-text\">Odwied\u017a blog<\/span>\n\t\t\t\t\t<\/span>\n\t\t\t\t\t<\/a>\n\t\t\t\t\t\t\t\t<\/div>\n\t\t\t\t\t<\/div>\n\t\t\t\t<\/div>\n\t\t\t\t<\/div>\n\t\t\t\t\t<\/div>\n\t\t\t\t<\/div>\n\t\t<div class=\"elementor-element elementor-element-144426c7 e-flex e-con-boxed e-con e-parent\" data-id=\"144426c7\" data-element_type=\"container\">\n\t\t\t\t\t<div class=\"e-con-inner\">\n\t\t<div class=\"elementor-element elementor-element-373c688a e-con-full e-flex e-con e-child\" data-id=\"373c688a\" data-element_type=\"container\">\n\t\t<div class=\"elementor-element elementor-element-5cb8dad6 e-con-full e-flex e-con e-child\" data-id=\"5cb8dad6\" data-element_type=\"container\">\n\t\t\t\t<div class=\"elementor-element elementor-element-15e41537 elementor-widget elementor-widget-heading\" data-id=\"15e41537\" data-element_type=\"widget\" data-widget_type=\"heading.default\">\n\t\t\t\t\t<h2 class=\"elementor-heading-title elementor-size-default\">Odkryj nasze inspiruj\u0105ce artyku\u0142y<\/h2>\t\t\t\t<\/div>\n\t\t\t\t<div class=\"elementor-element elementor-element-949a28b elementor-widget elementor-widget-heading\" data-id=\"949a28b\" data-element_type=\"widget\" data-widget_type=\"heading.default\">\n\t\t\t\t\t<h5 class=\"elementor-heading-title elementor-size-default\">Ciekawe wpisy, kt\u00f3re \u0142\u0105cz\u0105 styl z u\u017cyteczno\u015bci\u0105. Zach\u0119camy do lektury!<\/h5>\t\t\t\t<\/div>\n\t\t\t\t<\/div>\n\t\t<div class=\"elementor-element elementor-element-714bdb1c e-con-full e-flex e-con e-child\" data-id=\"714bdb1c\" data-element_type=\"container\">\n\t\t\t\t<div class=\"elementor-element elementor-element-1b6b8f82 elementor-widget__width-auto elementor-align-right elementor-widget elementor-widget-button\" data-id=\"1b6b8f82\" data-element_type=\"widget\" data-widget_type=\"button.default\">\n\t\t\t\t\t\t\t\t\t\t<a class=\"elementor-button elementor-button-link elementor-size-sm\" href=\"#\">\n\t\t\t\t\t\t<span class=\"elementor-button-content-wrapper\">\n\t\t\t\t\t\t\t\t\t<span class=\"elementor-button-text\">Zobacz wszystkie<\/span>\n\t\t\t\t\t<\/span>\n\t\t\t\t\t<\/a>\n\t\t\t\t\t\t\t\t<\/div>\n\t\t\t\t<\/div>\n\t\t\t\t<\/div>\n\t\t\t\t<div class=\"elementor-element elementor-element-46efd95c elementor-grid-2 elementor-grid-tablet-2 elementor-grid-mobile-1 elementor-posts--thumbnail-top elementor-widget elementor-widget-posts\" data-id=\"46efd95c\" data-element_type=\"widget\" data-settings=\"{&quot;classic_columns&quot;:&quot;2&quot;,&quot;classic_columns_tablet&quot;:&quot;2&quot;,&quot;classic_columns_mobile&quot;:&quot;1&quot;,&quot;classic_row_gap&quot;:{&quot;unit&quot;:&quot;px&quot;,&quot;size&quot;:35,&quot;sizes&quot;:[]},&quot;classic_row_gap_tablet&quot;:{&quot;unit&quot;:&quot;px&quot;,&quot;size&quot;:&quot;&quot;,&quot;sizes&quot;:[]},&quot;classic_row_gap_mobile&quot;:{&quot;unit&quot;:&quot;px&quot;,&quot;size&quot;:&quot;&quot;,&quot;sizes&quot;:[]}}\" data-widget_type=\"posts.classic\">\n\t\t\t\t<div class=\"elementor-widget-container\">\n\t\t\t\t\t\t\t<div class=\"elementor-posts-container elementor-posts elementor-posts--skin-classic elementor-grid\" role=\"list\">\n\t\t\t\t<article class=\"elementor-post elementor-grid-item post-68 post type-post status-publish format-standard hentry category-uncategorized\" role=\"listitem\">\n\t\t\t\t<div class=\"elementor-post__text\">\n\t\t\t\t<h3 class=\"elementor-post__title\">\n\t\t\t<a href=\"https:\/\/lilluma.szymonhojda.com\/?p=68\" >\n\t\t\t\tHello World 1\t\t\t<\/a>\n\t\t<\/h3>\n\t\t\t\t<div class=\"elementor-post__meta-data\">\n\t\t\t\t\t<span class=\"elementor-post-date\">\n\t\t\t2025-10-29\t\t<\/span>\n\t\t\t\t<span class=\"elementor-post-avatar\">\n\t\t\tNo Comments\t\t<\/span>\n\t\t\t\t<\/div>\n\t\t\t\t<div class=\"elementor-post__excerpt\">\n\t\t\t<p>Welcome to Elementor<\/p>\n\t\t<\/div>\n\t\t\n\t\t<a class=\"elementor-post__read-more\" href=\"https:\/\/lilluma.szymonhojda.com\/?p=68\" aria-label=\"Read more about Hello World 1\" tabindex=\"-1\" >\n\t\t\tCzytaj dalej \u00bb\t\t<\/a>\n\n\t\t\t\t<\/div>\n\t\t\t\t<\/article>\n\t\t\t\t<article class=\"elementor-post elementor-grid-item post-67 post type-post status-publish format-standard hentry category-uncategorized\" role=\"listitem\">\n\t\t\t\t<div class=\"elementor-post__text\">\n\t\t\t\t<h3 class=\"elementor-post__title\">\n\t\t\t<a href=\"https:\/\/lilluma.szymonhojda.com\/?p=67\" >\n\t\t\t\tHello World 3\t\t\t<\/a>\n\t\t<\/h3>\n\t\t\t\t<div class=\"elementor-post__meta-data\">\n\t\t\t\t\t<span class=\"elementor-post-date\">\n\t\t\t2025-10-29\t\t<\/span>\n\t\t\t\t<span class=\"elementor-post-avatar\">\n\t\t\tNo Comments\t\t<\/span>\n\t\t\t\t<\/div>\n\t\t\t\t<div class=\"elementor-post__excerpt\">\n\t\t\t<p>Welcome to Elementor 3<\/p>\n\t\t<\/div>\n\t\t\n\t\t<a class=\"elementor-post__read-more\" href=\"https:\/\/lilluma.szymonhojda.com\/?p=67\" aria-label=\"Read more about Hello World 3\" tabindex=\"-1\" >\n\t\t\tCzytaj dalej \u00bb\t\t<\/a>\n\n\t\t\t\t<\/div>\n\t\t\t\t<\/article>\n\t\t\t\t<\/div>\n\t\t\n\t\t\t\t\t\t<\/div>\n\t\t\t\t<\/div>\n\t\t\t\t\t<\/div>\n\t\t\t\t<\/div>\n\t\t<div class=\"elementor-element elementor-element-45fb0c8f e-flex e-con-boxed e-con e-parent\" data-id=\"45fb0c8f\" data-element_type=\"container\" data-settings=\"{&quot;background_background&quot;:&quot;classic&quot;}\">\n\t\t\t\t\t<div class=\"e-con-inner\">\n\t\t<div class=\"elementor-element elementor-element-3887632d e-con-full e-flex e-con e-child\" data-id=\"3887632d\" data-element_type=\"container\">\n\t\t\t\t<\/div>\n\t\t<div class=\"elementor-element elementor-element-2e3bd35a e-con-full e-flex e-con e-child\" data-id=\"2e3bd35a\" data-element_type=\"container\">\n\t\t\t\t<div class=\"elementor-element elementor-element-56ccedd0 elementor-widget elementor-widget-heading\" data-id=\"56ccedd0\" data-element_type=\"widget\" data-widget_type=\"heading.default\">\n\t\t\t\t\t<h2 class=\"elementor-heading-title elementor-size-default\">Odkryj nasze kategorie<\/h2>\t\t\t\t<\/div>\n\t\t\t\t<div class=\"elementor-element elementor-element-3449972d elementor-widget elementor-widget-text-editor\" data-id=\"3449972d\" data-element_type=\"widget\" data-widget_type=\"text-editor.default\">\n\t\t\t\t\t\t\t\t\t<p>Wybierz spo\u015br\u00f3d starannie dobranych kategorii, kt\u00f3re u\u0142atwi\u0105 Ci odkrywanie inspiracji do Twojego domu. Nasze dodatki harmonijnie \u0142\u0105cz\u0105 elegancj\u0119 z funkcjonalno\u015bci\u0105, aby ka\u017cdy zak\u0105tek by\u0142 wyj\u0105tkowy.<\/p>\t\t\t\t\t\t\t\t<\/div>\n\t\t<div class=\"elementor-element elementor-element-7c689d5e e-flex e-con-boxed e-con e-child\" data-id=\"7c689d5e\" data-element_type=\"container\">\n\t\t\t\t\t<div class=\"e-con-inner\">\n\t\t\t\t<div class=\"elementor-element elementor-element-32f0e794 elementor-widget__width-auto elementor-widget elementor-widget-button\" data-id=\"32f0e794\" data-element_type=\"widget\" data-widget_type=\"button.default\">\n\t\t\t\t\t\t\t\t\t\t<a class=\"elementor-button elementor-button-link elementor-size-sm\" href=\"#\">\n\t\t\t\t\t\t<span class=\"elementor-button-content-wrapper\">\n\t\t\t\t\t\t\t\t\t<span class=\"elementor-button-text\">Zobacz wi\u0119cej<\/span>\n\t\t\t\t\t<\/span>\n\t\t\t\t\t<\/a>\n\t\t\t\t\t\t\t\t<\/div>\n\t\t\t\t\t<\/div>\n\t\t\t\t<\/div>\n\t\t\t\t<\/div>\n\t\t\t\t\t<\/div>\n\t\t\t\t<\/div>\n\t\t<div class=\"elementor-element elementor-element-4149704e e-flex e-con-boxed e-con e-parent\" data-id=\"4149704e\" data-element_type=\"container\" data-settings=\"{&quot;background_background&quot;:&quot;classic&quot;}\">\n\t\t\t\t\t<div class=\"e-con-inner\">\n\t\t<div class=\"elementor-element elementor-element-1ca98cf9 e-flex e-con-boxed e-con e-child\" data-id=\"1ca98cf9\" data-element_type=\"container\">\n\t\t\t\t\t<div class=\"e-con-inner\">\n\t\t\t\t<div class=\"elementor-element elementor-element-341d8266 elementor-widget elementor-widget-heading\" data-id=\"341d8266\" data-element_type=\"widget\" data-widget_type=\"heading.default\">\n\t\t\t\t\t<h2 class=\"elementor-heading-title elementor-size-default\">Zapisz si\u0119 na nasz newsletter!<\/h2>\t\t\t\t<\/div>\n\t\t\t\t<div class=\"elementor-element elementor-element-38d91224 elementor-widget elementor-widget-text-editor\" data-id=\"38d91224\" data-element_type=\"widget\" data-widget_type=\"text-editor.default\">\n\t\t\t\t\t\t\t\t\t<p>Do\u0142\u0105cz do grona mi\u0142o\u015bnik\u00f3w eleganckich dodatk\u00f3w do domu. Otrzymuj najnowsze informacje o naszych produktach i inspiracje, kt\u00f3re zmieni\u0105 Twoje wn\u0119trza.<\/p>\t\t\t\t\t\t\t\t<\/div>\n\t\t\t\t<div class=\"elementor-element elementor-element-709f9b73 elementor-mobile-button-align-stretch elementor-button-align-stretch elementor-widget elementor-widget-form\" data-id=\"709f9b73\" data-element_type=\"widget\" data-settings=\"{&quot;step_next_label&quot;:&quot;Dalej&quot;,&quot;step_previous_label&quot;:&quot;Wstecz&quot;,&quot;button_width&quot;:&quot;33&quot;,&quot;button_width_tablet&quot;:&quot;33&quot;,&quot;step_type&quot;:&quot;number_text&quot;,&quot;step_icon_shape&quot;:&quot;circle&quot;}\" data-widget_type=\"form.default\">\n\t\t\t\t\t\t\t<form class=\"elementor-form\" method=\"post\" name=\"Formularz Subskrypcyjny\" aria-label=\"Formularz Subskrypcyjny\">\n\t\t\t<input type=\"hidden\" name=\"post_id\" value=\"26\"\/>\n\t\t\t<input type=\"hidden\" name=\"form_id\" value=\"709f9b73\"\/>\n\t\t\t<input type=\"hidden\" name=\"referer_title\" value=\"Blog - Lilluma\" \/>\n\n\t\t\t\t\t\t\t<input type=\"hidden\" name=\"queried_id\" value=\"26\"\/>\n\t\t\t\n\t\t\t<div class=\"elementor-form-fields-wrapper elementor-labels-\">\n\t\t\t\t\t\t\t\t<div class=\"elementor-field-type-text elementor-field-group elementor-column elementor-field-group-imie elementor-col-33\">\n\t\t\t\t\t\t\t\t\t\t\t\t<label for=\"form-field-imie\" class=\"elementor-field-label elementor-screen-only\">\n\t\t\t\t\t\t\t\tImi\u0119 i nazwisko\t\t\t\t\t\t\t<\/label>\n\t\t\t\t\t\t\t\t\t\t\t\t\t\t<input size=\"1\" type=\"text\" name=\"form_fields[imie]\" id=\"form-field-imie\" class=\"elementor-field elementor-size-md  elementor-field-textual\" placeholder=\"Wpisz swoje imi\u0119\">\n\t\t\t\t\t\t\t\t\t\t\t<\/div>\n\t\t\t\t\t\t\t\t<div class=\"elementor-field-type-email elementor-field-group elementor-column elementor-field-group-email elementor-col-33 elementor-field-required\">\n\t\t\t\t\t\t\t\t\t\t\t\t<label for=\"form-field-email\" class=\"elementor-field-label elementor-screen-only\">\n\t\t\t\t\t\t\t\tAdres e-mail\t\t\t\t\t\t\t<\/label>\n\t\t\t\t\t\t\t\t\t\t\t\t\t\t<input size=\"1\" type=\"email\" name=\"form_fields[email]\" id=\"form-field-email\" class=\"elementor-field elementor-size-md  elementor-field-textual\" placeholder=\"Wpisz e-mail*\" required=\"required\">\n\t\t\t\t\t\t\t\t\t\t\t<\/div>\n\t\t\t\t\t\t\t\t<div class=\"elementor-field-group elementor-column elementor-field-type-submit elementor-col-33 e-form__buttons elementor-md-33\">\n\t\t\t\t\t<button class=\"elementor-button elementor-size-md\" type=\"submit\">\n\t\t\t\t\t\t<span class=\"elementor-button-content-wrapper\">\n\t\t\t\t\t\t\t\t\t\t\t\t\t\t\t\t\t\t\t\t\t\t<span class=\"elementor-button-text\">Zapisz si\u0119<\/span>\n\t\t\t\t\t\t\t\t\t\t\t\t\t<\/span>\n\t\t\t\t\t<\/button>\n\t\t\t\t<\/div>\n\t\t\t<\/div>\n\t\t<\/form>\n\t\t\t\t\t\t<\/div>\n\t\t\t\t\t<\/div>\n\t\t\t\t<\/div>\n\t\t\t\t\t<\/div>\n\t\t\t\t<\/div>\n\t\t\t\t<\/div>\n\t\t","protected":false},"excerpt":{"rendered":"<p>Luksus w ka\u017cdym detalu Tw\u00f3j styl, Twoje wn\u0119trza Witaj w Lilluma Home &#038; Style. Nasz blog to miejsce, gdzie znajdziesz inspiracje do tworzenia pi\u0119knych i funkcjonalnych wn\u0119trz. Dzielimy si\u0119 poradami, kt\u00f3re sprawi\u0105, \u017ce Tw\u00f3j dom stanie si\u0119 nie tylko estetyczny, ale tak\u017ce komfortowy. Celebrowanie prostoty i luksusu to nasza pasja, a ka\u017cdy artyku\u0142 przybli\u017ca Ci\u0119&#8230;<\/p>\n","protected":false},"author":1,"featured_media":0,"parent":0,"menu_order":0,"comment_status":"closed","ping_status":"closed","template":"","meta":{"_kad_post_transparent":"","_kad_post_title":"","_kad_post_layout":"","_kad_post_sidebar_id":"","_kad_post_content_style":"","_kad_post_vertical_padding":"","_kad_post_feature":"","_kad_post_feature_position":"","_kad_post_header":false,"_kad_post_footer":false,"footnotes":""},"class_list":["post-26","page","type-page","status-publish","hentry"],"yoast_head":"<!-- This site is optimized with the Yoast SEO plugin v26.2 - https:\/\/yoast.com\/wordpress\/plugins\/seo\/ -->\n<title>Blog - Lilluma<\/title>\n<meta name=\"robots\" content=\"index, follow, max-snippet:-1, max-image-preview:large, max-video-preview:-1\" \/>\n<link rel=\"canonical\" href=\"https:\/\/lilluma.szymonhojda.com\/?page_id=26\" \/>\n<meta property=\"og:locale\" content=\"en_US\" \/>\n<meta property=\"og:type\" content=\"article\" \/>\n<meta property=\"og:title\" content=\"Blog - Lilluma\" \/>\n<meta property=\"og:description\" content=\"Luksus w ka\u017cdym detalu Tw\u00f3j styl, Twoje wn\u0119trza Witaj w Lilluma Home &#038; Style. Nasz blog to miejsce, gdzie znajdziesz inspiracje do tworzenia pi\u0119knych i funkcjonalnych wn\u0119trz. Dzielimy si\u0119 poradami, kt\u00f3re sprawi\u0105, \u017ce Tw\u00f3j dom stanie si\u0119 nie tylko estetyczny, ale tak\u017ce komfortowy. Celebrowanie prostoty i luksusu to nasza pasja, a ka\u017cdy artyku\u0142 przybli\u017ca Ci\u0119...\" \/>\n<meta property=\"og:url\" content=\"https:\/\/lilluma.szymonhojda.com\/?page_id=26\" \/>\n<meta property=\"og:site_name\" content=\"Lilluma\" \/>\n<meta property=\"article:modified_time\" content=\"2025-10-29T19:54:28+00:00\" \/>\n<meta name=\"twitter:card\" content=\"summary_large_image\" \/>\n<meta name=\"twitter:label1\" content=\"Est. reading time\" \/>\n\t<meta name=\"twitter:data1\" content=\"1 minute\" \/>\n<script type=\"application\/ld+json\" class=\"yoast-schema-graph\">{\"@context\":\"https:\/\/schema.org\",\"@graph\":[{\"@type\":\"WebPage\",\"@id\":\"https:\/\/lilluma.szymonhojda.com\/?page_id=26\",\"url\":\"https:\/\/lilluma.szymonhojda.com\/?page_id=26\",\"name\":\"Blog - Lilluma\",\"isPartOf\":{\"@id\":\"https:\/\/lilluma.szymonhojda.com\/#website\"},\"datePublished\":\"2025-10-29T19:54:23+00:00\",\"dateModified\":\"2025-10-29T19:54:28+00:00\",\"breadcrumb\":{\"@id\":\"https:\/\/lilluma.szymonhojda.com\/?page_id=26#breadcrumb\"},\"inLanguage\":\"en-US\",\"potentialAction\":[{\"@type\":\"ReadAction\",\"target\":[\"https:\/\/lilluma.szymonhojda.com\/?page_id=26\"]}]},{\"@type\":\"BreadcrumbList\",\"@id\":\"https:\/\/lilluma.szymonhojda.com\/?page_id=26#breadcrumb\",\"itemListElement\":[{\"@type\":\"ListItem\",\"position\":1,\"name\":\"Strona g\u0142\u00f3wna\",\"item\":\"https:\/\/lilluma.szymonhojda.com\/\"},{\"@type\":\"ListItem\",\"position\":2,\"name\":\"Blog\"}]},{\"@type\":\"WebSite\",\"@id\":\"https:\/\/lilluma.szymonhojda.com\/#website\",\"url\":\"https:\/\/lilluma.szymonhojda.com\/\",\"name\":\"Lilluma\",\"description\":\"\",\"publisher\":{\"@id\":\"https:\/\/lilluma.szymonhojda.com\/#organization\"},\"potentialAction\":[{\"@type\":\"SearchAction\",\"target\":{\"@type\":\"EntryPoint\",\"urlTemplate\":\"https:\/\/lilluma.szymonhojda.com\/?s={search_term_string}\"},\"query-input\":{\"@type\":\"PropertyValueSpecification\",\"valueRequired\":true,\"valueName\":\"search_term_string\"}}],\"inLanguage\":\"en-US\"},{\"@type\":\"Organization\",\"@id\":\"https:\/\/lilluma.szymonhojda.com\/#organization\",\"name\":\"Lilluma\",\"url\":\"https:\/\/lilluma.szymonhojda.com\/\",\"logo\":{\"@type\":\"ImageObject\",\"inLanguage\":\"en-US\",\"@id\":\"https:\/\/lilluma.szymonhojda.com\/#\/schema\/logo\/image\/\",\"url\":\"https:\/\/lilluma.szymonhojda.com\/wp-content\/uploads\/2025\/10\/1-scaled.png\",\"contentUrl\":\"https:\/\/lilluma.szymonhojda.com\/wp-content\/uploads\/2025\/10\/1-scaled.png\",\"width\":2560,\"height\":2560,\"caption\":\"Lilluma\"},\"image\":{\"@id\":\"https:\/\/lilluma.szymonhojda.com\/#\/schema\/logo\/image\/\"}}]}<\/script>\n<!-- \/ Yoast SEO plugin. -->","yoast_head_json":{"title":"Blog - Lilluma","robots":{"index":"index","follow":"follow","max-snippet":"max-snippet:-1","max-image-preview":"max-image-preview:large","max-video-preview":"max-video-preview:-1"},"canonical":"https:\/\/lilluma.szymonhojda.com\/?page_id=26","og_locale":"en_US","og_type":"article","og_title":"Blog - Lilluma","og_description":"Luksus w ka\u017cdym detalu Tw\u00f3j styl, Twoje wn\u0119trza Witaj w Lilluma Home &#038; Style. Nasz blog to miejsce, gdzie znajdziesz inspiracje do tworzenia pi\u0119knych i funkcjonalnych wn\u0119trz. Dzielimy si\u0119 poradami, kt\u00f3re sprawi\u0105, \u017ce Tw\u00f3j dom stanie si\u0119 nie tylko estetyczny, ale tak\u017ce komfortowy. Celebrowanie prostoty i luksusu to nasza pasja, a ka\u017cdy artyku\u0142 przybli\u017ca Ci\u0119...","og_url":"https:\/\/lilluma.szymonhojda.com\/?page_id=26","og_site_name":"Lilluma","article_modified_time":"2025-10-29T19:54:28+00:00","twitter_card":"summary_large_image","twitter_misc":{"Est. reading time":"1 minute"},"schema":{"@context":"https:\/\/schema.org","@graph":[{"@type":"WebPage","@id":"https:\/\/lilluma.szymonhojda.com\/?page_id=26","url":"https:\/\/lilluma.szymonhojda.com\/?page_id=26","name":"Blog - Lilluma","isPartOf":{"@id":"https:\/\/lilluma.szymonhojda.com\/#website"},"datePublished":"2025-10-29T19:54:23+00:00","dateModified":"2025-10-29T19:54:28+00:00","breadcrumb":{"@id":"https:\/\/lilluma.szymonhojda.com\/?page_id=26#breadcrumb"},"inLanguage":"en-US","potentialAction":[{"@type":"ReadAction","target":["https:\/\/lilluma.szymonhojda.com\/?page_id=26"]}]},{"@type":"BreadcrumbList","@id":"https:\/\/lilluma.szymonhojda.com\/?page_id=26#breadcrumb","itemListElement":[{"@type":"ListItem","position":1,"name":"Strona g\u0142\u00f3wna","item":"https:\/\/lilluma.szymonhojda.com\/"},{"@type":"ListItem","position":2,"name":"Blog"}]},{"@type":"WebSite","@id":"https:\/\/lilluma.szymonhojda.com\/#website","url":"https:\/\/lilluma.szymonhojda.com\/","name":"Lilluma","description":"","publisher":{"@id":"https:\/\/lilluma.szymonhojda.com\/#organization"},"potentialAction":[{"@type":"SearchAction","target":{"@type":"EntryPoint","urlTemplate":"https:\/\/lilluma.szymonhojda.com\/?s={search_term_string}"},"query-input":{"@type":"PropertyValueSpecification","valueRequired":true,"valueName":"search_term_string"}}],"inLanguage":"en-US"},{"@type":"Organization","@id":"https:\/\/lilluma.szymonhojda.com\/#organization","name":"Lilluma","url":"https:\/\/lilluma.szymonhojda.com\/","logo":{"@type":"ImageObject","inLanguage":"en-US","@id":"https:\/\/lilluma.szymonhojda.com\/#\/schema\/logo\/image\/","url":"https:\/\/lilluma.szymonhojda.com\/wp-content\/uploads\/2025\/10\/1-scaled.png","contentUrl":"https:\/\/lilluma.szymonhojda.com\/wp-content\/uploads\/2025\/10\/1-scaled.png","width":2560,"height":2560,"caption":"Lilluma"},"image":{"@id":"https:\/\/lilluma.szymonhojda.com\/#\/schema\/logo\/image\/"}}]}},"_links":{"self":[{"href":"https:\/\/lilluma.szymonhojda.com\/index.php?rest_route=\/wp\/v2\/pages\/26","targetHints":{"allow":["GET"]}}],"collection":[{"href":"https:\/\/lilluma.szymonhojda.com\/index.php?rest_route=\/wp\/v2\/pages"}],"about":[{"href":"https:\/\/lilluma.szymonhojda.com\/index.php?rest_route=\/wp\/v2\/types\/page"}],"author":[{"embeddable":true,"href":"https:\/\/lilluma.szymonhojda.com\/index.php?rest_route=\/wp\/v2\/users\/1"}],"replies":[{"embeddable":true,"href":"https:\/\/lilluma.szymonhojda.com\/index.php?rest_route=%2Fwp%2Fv2%2Fcomments&post=26"}],"version-history":[{"count":4,"href":"https:\/\/lilluma.szymonhojda.com\/index.php?rest_route=\/wp\/v2\/pages\/26\/revisions"}],"predecessor-version":[{"id":84,"href":"https:\/\/lilluma.szymonhojda.com\/index.php?rest_route=\/wp\/v2\/pages\/26\/revisions\/84"}],"wp:attachment":[{"href":"https:\/\/lilluma.szymonhojda.com\/index.php?rest_route=%2Fwp%2Fv2%2Fmedia&parent=26"}],"curies":[{"name":"wp","href":"https:\/\/api.w.org\/{rel}","templated":true}]}}